{"id":99,"date":"2019-03-06T18:41:10","date_gmt":"2019-03-06T17:41:10","guid":{"rendered":"http:\/\/www.asmonlus.it\/?page_id=99"},"modified":"2026-01-07T11:05:44","modified_gmt":"2026-01-07T10:05:44","slug":"filo-rosso","status":"publish","type":"page","link":"https:\/\/asmonlus.it\/index.php\/filo-rosso\/","title":{"rendered":"Filo Rosso"},"content":{"rendered":"<div class=\"flex_column av_three_fourth  flex_column_div av-zero-column-padding first  avia-builder-el-0  el_before_av_one_fourth  avia-builder-el-first  \" style='border-radius:0px; '><p><div  class='avia-image-container  av-styling-    avia-builder-el-1  el_before_av_heading  avia-builder-el-first  avia-align-center '  itemprop=\"image\" itemscope=\"itemscope\" itemtype=\"https:\/\/schema.org\/ImageObject\"  ><div class='avia-image-container-inner'><div class='avia-image-overlay-wrap'><img class='avia_image' src='https:\/\/asmonlus.it\/wp-content\/uploads\/2019\/03\/filo-rosso1.jpg' alt='' title='filo-rosso1' height=\"402\" width=\"617\"  itemprop=\"thumbnailUrl\"  \/><\/div><\/div><\/div><br \/>\n<div  style='padding-bottom:10px; ' class='av-special-heading av-special-heading-h3    avia-builder-el-2  el_after_av_image  el_before_av_textblock  '><h3 class='av-special-heading-tag '  itemprop=\"headline\"  >Filo Rosso, una risposta per ogni dubbio nei nove mesi<\/h3><div class='special-heading-border'><div class='special-heading-inner-border' ><\/div><\/div><\/div><br \/>\n<section class=\"av_textblock_section \"  itemscope=\"itemscope\" itemtype=\"https:\/\/schema.org\/CreativeWork\" ><div class='avia_textblock  '  style='font-size:14px; '  itemprop=\"text\" ><p><strong>Cos&#8217; \u00e8<\/strong><\/p>\n<p><strong>Quando si aspetta un bambino, gli interrogativi e i dubbi sono all\u2019ordine del giorno<\/strong>. Ma per ogni domanda sulla salute nei nove mesi pi\u00f9 importanti della vita di ogni donna c\u2019\u00e8 una risposta dagli esperti del <strong>Filo Rosso di ASM<\/strong>, il servizio telefonico di consulenza medica gratuita che informa e rassicura ogni anno migliaia di future e aspiranti mamme. <strong>Oggi risponde anche alle richieste sul Covid-19 in gravidanza.<\/strong> Il Filo Rosso opera dal 1988 ed \u00e8 sostenuto interamente da ASM. La postazione di <strong>Milano<\/strong> risponde al numero <strong>02-89.10.207<\/strong> ed \u00e8 attiva nelle giornate di marted\u00ec e venerd\u00ec dalle 9.30 alle 15.30. Quella di <strong>Roma<\/strong> (tel. <strong><b>06-58.00.897<\/b>.<\/strong>) opera il luned\u00ec, marted\u00ec e mercoled\u00ec dalle 14.00 alle 17.00; il gioved\u00ec dalle 10.00 alle 13.00. Il Filo Rosso di <strong>Varese<\/strong>, dedicato esclusivamente ai quesiti sulle malattie genetiche, risponde al numero <strong>0332-21.71.00<\/strong> il luned\u00ec e il gioved\u00ec dalle 12.00 alle 16.00.<\/p>\n<p><strong>A chi \u00e8 rivolto<\/strong><\/p>\n<p>A donne che, prima di concepire, vogliono avere informazioni sulla tutela della salute del nascituro e del neonato; indicazioni su quali siano le indagini preconcezionali utili; ragguagli sui fattori che possono alterare lo sviluppo embrio-fetale e su come eliminarli o controllarli.<\/p>\n<p>A donne che durante la gravidanza hanno preso un farmaco ritenuto pericoloso, oppure hanno avuto una malattia infettiva e desiderano una consulenza altamente specialistica sulle possibilit\u00e0 che l&#8217;agente esterno al feto ne possa alterare lo sviluppo.<\/p>\n<p>A donne che cercano informazioni sulle metodiche di diagnosi o di terapia prenatale<\/p>\n<p>A coppie che vogliono indicazioni e pareri di medici specialisti sulla possibile trasmissione ereditaria di malattie cromosomiche o genetiche.<\/p>\n<p>A medici che, prima di prescrivere un farmaco ad una propria paziente in gravidanza, abbiano la necessit\u00e0 di una valutazione specialistica dei medicinali che, a parit\u00e0 di efficacia, presentano i rischi minori per il nascituro o per il neonato.<\/p>\n<p><strong>Come \u00e8 organizzato<\/strong><\/p>\n<p>Alle chiamate rispondono medici esperti in ostetricia e genetica che hanno a disposizione numerose banche dati computerizzate per fornire pareri rapidi anche in merito a quesiti riguardanti situazioni meno frequenti. L&#8217;attivit\u00e0 del Filo Rosso \u00e8 assicurata dai medici della Clinica Ostetrica e Ginecologica del Presidio Ospedaliero San Paolo-Polo Universitario di Milano,\u00a0dell\u2019Unit\u00e0 Operativa Complessa di Ostetricia e Ginecologia del Policlinico Universitario Tor Vergata di Roma e dai genetisti del Laboratorio di Genetica Medica dell\u2019Universit\u00e0 dell\u2019Insubria di Varese.<\/p>\n<p><strong>I progetti per il futuro<\/strong><\/p>\n<p>Per fare fronte alla crescente domanda d&#8217;informazione proveniente dai futuri genitori, il servizio del Filo Rosso richiede la messa in opera di nuove postazioni. Se vogliamo raggiungere questo scopo, occorre finanziare le Borse di studio destinate ai medici che forniranno le consulenze, acquistare i computer e i programmi informatici necessari ad immagazzinare ed elaborare i dati statistici sulle chiamate pervenute, attivare le linee telefoniche. ASM conta sulla sensibilit\u00e0 e sulla generosit\u00e0 di tutti i cittadini affinch\u00e9 queste nuove, importanti strutture al servizio della collettivit\u00e0 possano prendere il via quanto prima possibile.<\/p>\n<\/div><\/section><\/p><\/div>\n<div class=\"flex_column av_one_fourth  flex_column_div av-zero-column-padding   avia-builder-el-4  el_after_av_three_fourth  avia-builder-el-last  \" style='border-radius:0px; '><p><div  class='avia-image-container  av-styling-    avia-builder-el-5  el_before_av_icon_box  avia-builder-el-first  avia-align-center '  itemprop=\"image\" itemscope=\"itemscope\" itemtype=\"https:\/\/schema.org\/ImageObject\"  ><div class='avia-image-container-inner'><div class='avia-image-overlay-wrap'><img class='avia_image' src='https:\/\/asmonlus.it\/wp-content\/uploads\/2019\/03\/filo_rosso_rosso.jpg' alt='' title='filo_rosso_rosso' height=\"136\" width=\"210\"  itemprop=\"thumbnailUrl\"  \/><\/div><\/div><\/div><br \/>\n<article  class=\"iconbox iconbox_left    avia-builder-el-6  el_after_av_image  el_before_av_icon_box  \"  itemscope=\"itemscope\" itemtype=\"https:\/\/schema.org\/CreativeWork\" ><div class=\"iconbox_content\"><header class=\"entry-content-header\"><div class=\"iconbox_icon heading-color \" aria-hidden='true' data-av_icon='\ue854' data-av_iconfont='entypo-fontello'  ><\/div><h3 class='iconbox_content_title  '  itemprop=\"headline\"  >Milano<\/h3><\/header><div class='iconbox_content_container  '  itemprop=\"text\"  ><p>Tel. 02-89.10.207<\/p>\n<p>Marted\u00ec dalle 9.30 alle 16.30<\/p>\n<p>Venerd\u00ec dalle 9.30 alle 15.30<\/p>\n<p><strong><span style=\"color: #ff0000;\">\u00a0<\/span><\/strong><\/p>\n<\/div><\/div><footer class=\"entry-footer\"><\/footer><\/article><br \/>\n<article  class=\"iconbox iconbox_left    avia-builder-el-7  el_after_av_icon_box  el_before_av_icon_box  \"  itemscope=\"itemscope\" itemtype=\"https:\/\/schema.org\/CreativeWork\" ><div class=\"iconbox_content\"><header class=\"entry-content-header\"><div class=\"iconbox_icon heading-color \" aria-hidden='true' data-av_icon='\ue854' data-av_iconfont='entypo-fontello'  ><\/div><h3 class='iconbox_content_title  '  itemprop=\"headline\"  >Roma<\/h3><\/header><div class='iconbox_content_container  '  itemprop=\"text\"  ><p>Tel. \u00a006-58.00.897<\/p>\n<p>Luned\u00ec e mercoled\u00ec dalle 14.00 alle 17.00<\/p>\n<p>Gioved\u00ec dalle 10.00 alle 13.00<span style=\"color: #ff0000;\"><strong><br \/>\n<\/strong><\/span><\/p>\n<\/div><\/div><footer class=\"entry-footer\"><\/footer><\/article><br \/>\n<article  class=\"iconbox iconbox_left    avia-builder-el-8  el_after_av_icon_box  el_before_av_icon_box  \"  itemscope=\"itemscope\" itemtype=\"https:\/\/schema.org\/CreativeWork\" ><div class=\"iconbox_content\"><header class=\"entry-content-header\"><div class=\"iconbox_icon heading-color \" aria-hidden='true' data-av_icon='\ue854' data-av_iconfont='entypo-fontello'  ><\/div><h3 class='iconbox_content_title  '  itemprop=\"headline\"  >Varese<\/h3><\/header><div class='iconbox_content_container  '  itemprop=\"text\"  ><p>Tel. 0332-21.71.00<\/p>\n<p>Luned\u00ec dalle 12.00 alle 16.00<\/p>\n<p>(Dedicato alle malattie genetiche)<\/p>\n<p><strong><span style=\"color: #ff0000;\">\u00a0<\/span><\/strong><\/p>\n<div class=\"avia-modal-inner-footer\"><\/div>\n<\/div><\/div><footer class=\"entry-footer\"><\/footer><\/article><br \/>\n<article  class=\"iconbox iconbox_left    avia-builder-el-9  el_after_av_icon_box  el_before_av_icon_box  \"  itemscope=\"itemscope\" itemtype=\"https:\/\/schema.org\/CreativeWork\" ><div class=\"iconbox_content\"><header class=\"entry-content-header\"><div class=\"iconbox_icon heading-color \" aria-hidden='true' data-av_icon='\ue805' data-av_iconfont='entypo-fontello'  ><\/div><h3 class='iconbox_content_title  '  itemprop=\"headline\"  >Scrivici<\/h3><\/header><div class='iconbox_content_container  '  itemprop=\"text\"  ><p style=\"text-align: center;\">Se lo preferisci, invia i tuoi dubbi o domande a:<\/p>\n<p style=\"text-align: center;\"><a href=\"mailto:redazione@asmonlus.it\"><strong>redazione@asmonlus.it<\/strong><\/a><\/p>\n<\/div><\/div><footer class=\"entry-footer\"><\/footer><\/article><br \/>\n<article  class=\"iconbox iconbox_left    avia-builder-el-10  el_after_av_icon_box  avia-builder-el-last  \"  itemscope=\"itemscope\" itemtype=\"https:\/\/schema.org\/CreativeWork\" ><div class=\"iconbox_content\"><header class=\"entry-content-header\"><div class=\"iconbox_icon heading-color \" aria-hidden='true' data-av_icon='\ue812' data-av_iconfont='entypo-fontello'  ><\/div><h3 class='iconbox_content_title  '  itemprop=\"headline\"  >UNA PRECISAZIONE IMPORTANTE<\/h3><\/header><div class='iconbox_content_container  '  itemprop=\"text\"  ><p style=\"text-align: center;\"><strong>\u00a0il <span style=\"color: #ff0000;\">Filo Rosso<\/span> \u00e8 un servizio informativo, che<span style=\"color: #ff0000;\"> non sostituisce in alcun modo le diagnosi e le prescrizioni del medico curante.<\/span> Le informazioni ricevute dal Filo Rosso di ASM devono pertanto essere intese come un arricchimento delle conoscenze della donna, da sottoporre sempre al giudizio del medico curante, che \u00e8 il solo soggetto abilitato e responsabile per ogni indicazione e prescrizione medica.<\/strong><\/p>\n<\/div><\/div><footer class=\"entry-footer\"><\/footer><\/article><\/p><\/div>\n","protected":false},"excerpt":{"rendered":"","protected":false},"author":1,"featured_media":0,"parent":0,"menu_order":0,"comment_status":"closed","ping_status":"closed","template":"","meta":{"footnotes":""},"yoast_head":"<!-- This site is optimized with the Yoast SEO plugin v22.0 - https:\/\/yoast.com\/wordpress\/plugins\/seo\/ -->\n<title>Filo Rosso - ASM Onlus<\/title>\n<meta name=\"description\" content=\"Quando si aspetta un bambino, gli interrogativi e i dubbi sono all\u2019ordine del giorno. Ma per ogni domanda sulla salute nei nove mesi pi\u00f9 importanti della vita di ogni donna c\u2019\u00e8 una risposta dagli esperti del Filo Rosso di ASM, il servizio telefonico di consulenza medica gratuita che informa e rassicura ogni anno migliaia di future e aspiranti mamme.\" \/>\n<meta name=\"robots\" content=\"index, follow, max-snippet:-1, max-image-preview:large, max-video-preview:-1\" \/>\n<link rel=\"canonical\" href=\"https:\/\/asmonlus.it\/index.php\/filo-rosso\/\" \/>\n<meta property=\"og:locale\" content=\"it_IT\" \/>\n<meta property=\"og:type\" content=\"article\" \/>\n<meta property=\"og:title\" content=\"Filo Rosso - ASM Onlus\" \/>\n<meta property=\"og:description\" content=\"Quando si aspetta un bambino, gli interrogativi e i dubbi sono all\u2019ordine del giorno. Ma per ogni domanda sulla salute nei nove mesi pi\u00f9 importanti della vita di ogni donna c\u2019\u00e8 una risposta dagli esperti del Filo Rosso di ASM, il servizio telefonico di consulenza medica gratuita che informa e rassicura ogni anno migliaia di future e aspiranti mamme.\" \/>\n<meta property=\"og:url\" content=\"https:\/\/asmonlus.it\/index.php\/filo-rosso\/\" \/>\n<meta property=\"og:site_name\" content=\"ASM Onlus\" \/>\n<meta property=\"article:publisher\" content=\"https:\/\/www.facebook.com\/ASM-ONLUS-Associazione-Italiana-Studio-Malformazioni-234922936565638\" \/>\n<meta property=\"article:modified_time\" content=\"2026-01-07T10:05:44+00:00\" \/>\n<meta property=\"og:image\" content=\"https:\/\/asmonlus.it\/wp-content\/uploads\/2019\/03\/image.png\" \/>\n\t<meta property=\"og:image:width\" content=\"220\" \/>\n\t<meta property=\"og:image:height\" content=\"220\" \/>\n\t<meta property=\"og:image:type\" content=\"image\/png\" \/>\n<meta name=\"twitter:card\" content=\"summary_large_image\" \/>\n<meta name=\"twitter:label1\" content=\"Tempo di lettura stimato\" \/>\n\t<meta name=\"twitter:data1\" content=\"5 minuti\" \/>\n<script type=\"application\/ld+json\" class=\"yoast-schema-graph\">{\"@context\":\"https:\/\/schema.org\",\"@graph\":[{\"@type\":\"WebPage\",\"@id\":\"https:\/\/asmonlus.it\/index.php\/filo-rosso\/\",\"url\":\"https:\/\/asmonlus.it\/index.php\/filo-rosso\/\",\"name\":\"Filo Rosso - ASM Onlus\",\"isPartOf\":{\"@id\":\"http:\/\/asmonlus.it\/#website\"},\"datePublished\":\"2019-03-06T17:41:10+00:00\",\"dateModified\":\"2026-01-07T10:05:44+00:00\",\"description\":\"Quando si aspetta un bambino, gli interrogativi e i dubbi sono all\u2019ordine del giorno. Ma per ogni domanda sulla salute nei nove mesi pi\u00f9 importanti della vita di ogni donna c\u2019\u00e8 una risposta dagli esperti del Filo Rosso di ASM, il servizio telefonico di consulenza medica gratuita che informa e rassicura ogni anno migliaia di future e aspiranti mamme.\",\"breadcrumb\":{\"@id\":\"https:\/\/asmonlus.it\/index.php\/filo-rosso\/#breadcrumb\"},\"inLanguage\":\"it-IT\",\"potentialAction\":[{\"@type\":\"ReadAction\",\"target\":[\"https:\/\/asmonlus.it\/index.php\/filo-rosso\/\"]}]},{\"@type\":\"BreadcrumbList\",\"@id\":\"https:\/\/asmonlus.it\/index.php\/filo-rosso\/#breadcrumb\",\"itemListElement\":[{\"@type\":\"ListItem\",\"position\":1,\"name\":\"Home\",\"item\":\"https:\/\/asmonlus.it\/\"},{\"@type\":\"ListItem\",\"position\":2,\"name\":\"Filo Rosso\"}]},{\"@type\":\"WebSite\",\"@id\":\"http:\/\/asmonlus.it\/#website\",\"url\":\"http:\/\/asmonlus.it\/\",\"name\":\"ASM Onlus\",\"description\":\"\",\"publisher\":{\"@id\":\"http:\/\/asmonlus.it\/#organization\"},\"potentialAction\":[{\"@type\":\"SearchAction\",\"target\":{\"@type\":\"EntryPoint\",\"urlTemplate\":\"http:\/\/asmonlus.it\/?s={search_term_string}\"},\"query-input\":\"required name=search_term_string\"}],\"inLanguage\":\"it-IT\"},{\"@type\":\"Organization\",\"@id\":\"http:\/\/asmonlus.it\/#organization\",\"name\":\"ASM Onlus\",\"url\":\"http:\/\/asmonlus.it\/\",\"logo\":{\"@type\":\"ImageObject\",\"inLanguage\":\"it-IT\",\"@id\":\"http:\/\/asmonlus.it\/#\/schema\/logo\/image\/\",\"url\":\"http:\/\/asmonlus.it\/wp-content\/uploads\/2019\/03\/image.png\",\"contentUrl\":\"http:\/\/asmonlus.it\/wp-content\/uploads\/2019\/03\/image.png\",\"width\":220,\"height\":220,\"caption\":\"ASM Onlus\"},\"image\":{\"@id\":\"http:\/\/asmonlus.it\/#\/schema\/logo\/image\/\"},\"sameAs\":[\"https:\/\/www.facebook.com\/ASM-ONLUS-Associazione-Italiana-Studio-Malformazioni-234922936565638\",\"https:\/\/www.instagram.com\/asmonlus.it\",\"https:\/\/www.youtube.com\/channel\/UCHy1ALeK8g71u_JVC9mcvWQ\"]}]}<\/script>\n<!-- \/ Yoast SEO plugin. -->","yoast_head_json":{"title":"Filo Rosso - ASM Onlus","description":"Quando si aspetta un bambino, gli interrogativi e i dubbi sono all\u2019ordine del giorno. Ma per ogni domanda sulla salute nei nove mesi pi\u00f9 importanti della vita di ogni donna c\u2019\u00e8 una risposta dagli esperti del Filo Rosso di ASM, il servizio telefonico di consulenza medica gratuita che informa e rassicura ogni anno migliaia di future e aspiranti mamme.","robots":{"index":"index","follow":"follow","max-snippet":"max-snippet:-1","max-image-preview":"max-image-preview:large","max-video-preview":"max-video-preview:-1"},"canonical":"https:\/\/asmonlus.it\/index.php\/filo-rosso\/","og_locale":"it_IT","og_type":"article","og_title":"Filo Rosso - ASM Onlus","og_description":"Quando si aspetta un bambino, gli interrogativi e i dubbi sono all\u2019ordine del giorno. Ma per ogni domanda sulla salute nei nove mesi pi\u00f9 importanti della vita di ogni donna c\u2019\u00e8 una risposta dagli esperti del Filo Rosso di ASM, il servizio telefonico di consulenza medica gratuita che informa e rassicura ogni anno migliaia di future e aspiranti mamme.","og_url":"https:\/\/asmonlus.it\/index.php\/filo-rosso\/","og_site_name":"ASM Onlus","article_publisher":"https:\/\/www.facebook.com\/ASM-ONLUS-Associazione-Italiana-Studio-Malformazioni-234922936565638","article_modified_time":"2026-01-07T10:05:44+00:00","og_image":[{"width":220,"height":220,"url":"https:\/\/asmonlus.it\/wp-content\/uploads\/2019\/03\/image.png","type":"image\/png"}],"twitter_card":"summary_large_image","twitter_misc":{"Tempo di lettura stimato":"5 minuti"},"schema":{"@context":"https:\/\/schema.org","@graph":[{"@type":"WebPage","@id":"https:\/\/asmonlus.it\/index.php\/filo-rosso\/","url":"https:\/\/asmonlus.it\/index.php\/filo-rosso\/","name":"Filo Rosso - ASM Onlus","isPartOf":{"@id":"http:\/\/asmonlus.it\/#website"},"datePublished":"2019-03-06T17:41:10+00:00","dateModified":"2026-01-07T10:05:44+00:00","description":"Quando si aspetta un bambino, gli interrogativi e i dubbi sono all\u2019ordine del giorno. Ma per ogni domanda sulla salute nei nove mesi pi\u00f9 importanti della vita di ogni donna c\u2019\u00e8 una risposta dagli esperti del Filo Rosso di ASM, il servizio telefonico di consulenza medica gratuita che informa e rassicura ogni anno migliaia di future e aspiranti mamme.","breadcrumb":{"@id":"https:\/\/asmonlus.it\/index.php\/filo-rosso\/#breadcrumb"},"inLanguage":"it-IT","potentialAction":[{"@type":"ReadAction","target":["https:\/\/asmonlus.it\/index.php\/filo-rosso\/"]}]},{"@type":"BreadcrumbList","@id":"https:\/\/asmonlus.it\/index.php\/filo-rosso\/#breadcrumb","itemListElement":[{"@type":"ListItem","position":1,"name":"Home","item":"https:\/\/asmonlus.it\/"},{"@type":"ListItem","position":2,"name":"Filo Rosso"}]},{"@type":"WebSite","@id":"http:\/\/asmonlus.it\/#website","url":"http:\/\/asmonlus.it\/","name":"ASM Onlus","description":"","publisher":{"@id":"http:\/\/asmonlus.it\/#organization"},"potentialAction":[{"@type":"SearchAction","target":{"@type":"EntryPoint","urlTemplate":"http:\/\/asmonlus.it\/?s={search_term_string}"},"query-input":"required name=search_term_string"}],"inLanguage":"it-IT"},{"@type":"Organization","@id":"http:\/\/asmonlus.it\/#organization","name":"ASM Onlus","url":"http:\/\/asmonlus.it\/","logo":{"@type":"ImageObject","inLanguage":"it-IT","@id":"http:\/\/asmonlus.it\/#\/schema\/logo\/image\/","url":"http:\/\/asmonlus.it\/wp-content\/uploads\/2019\/03\/image.png","contentUrl":"http:\/\/asmonlus.it\/wp-content\/uploads\/2019\/03\/image.png","width":220,"height":220,"caption":"ASM Onlus"},"image":{"@id":"http:\/\/asmonlus.it\/#\/schema\/logo\/image\/"},"sameAs":["https:\/\/www.facebook.com\/ASM-ONLUS-Associazione-Italiana-Studio-Malformazioni-234922936565638","https:\/\/www.instagram.com\/asmonlus.it","https:\/\/www.youtube.com\/channel\/UCHy1ALeK8g71u_JVC9mcvWQ"]}]}},"_links":{"self":[{"href":"https:\/\/asmonlus.it\/index.php\/wp-json\/wp\/v2\/pages\/99"}],"collection":[{"href":"https:\/\/asmonlus.it\/index.php\/wp-json\/wp\/v2\/pages"}],"about":[{"href":"https:\/\/asmonlus.it\/index.php\/wp-json\/wp\/v2\/types\/page"}],"author":[{"embeddable":true,"href":"https:\/\/asmonlus.it\/index.php\/wp-json\/wp\/v2\/users\/1"}],"replies":[{"embeddable":true,"href":"https:\/\/asmonlus.it\/index.php\/wp-json\/wp\/v2\/comments?post=99"}],"version-history":[{"count":105,"href":"https:\/\/asmonlus.it\/index.php\/wp-json\/wp\/v2\/pages\/99\/revisions"}],"predecessor-version":[{"id":3530,"href":"https:\/\/asmonlus.it\/index.php\/wp-json\/wp\/v2\/pages\/99\/revisions\/3530"}],"wp:attachment":[{"href":"https:\/\/asmonlus.it\/index.php\/wp-json\/wp\/v2\/media?parent=99"}],"curies":[{"name":"wp","href":"https:\/\/api.w.org\/{rel}","templated":true}]}}