{"id":3428,"date":"2025-06-11T14:40:06","date_gmt":"2025-06-11T12:40:06","guid":{"rendered":"https:\/\/asmonlus.it\/?page_id=3428"},"modified":"2025-06-12T10:19:45","modified_gmt":"2025-06-12T08:19:45","slug":"il-nostro-testimonial","status":"publish","type":"page","link":"https:\/\/asmonlus.it\/index.php\/il-nostro-testimonial\/","title":{"rendered":"Il nostro Testimonial"},"content":{"rendered":"<p><span style=\"font-size: 14pt;\">Sar\u00e0 Massimiliano Rosolino, a partire da quest\u2019anno, il testimonial di ASM e della Fondazione ASM per la salute dell\u2019infanzia. \u00a0Nato a Napoli nel 1978, Rosolino \u00e8 stato campione olimpico a Sydney nel 2000 e mondiale a\u00a0Fukuoka nel 2001 nei 200 metri misti di nuoto. Tra il 1995 e il 2008 \u00e8 stato quattordici volte campione europeo e ha vinto 60 medaglie in competizioni internazionali.\u00a0Ecco la sua prima intervista nel suo nuovo ruolo a fianco della nostra Associazione.<\/span><\/p>\n<p>&nbsp;<\/p>\n<p><span style=\"font-size: 14pt;\"><strong>Massimiliano Rosolino, perch\u00e9 ha accettato con slancio di aderire ad ASM come testimonial?<\/strong><\/span><\/p>\n<p><span style=\"font-size: 14pt;\">Ho pensato immediatamente ai bambini e a quello che patiscono le loro famiglie. Mi commuovono le storie di persone destinate a convivere con la sofferenza. Ogni piccolo contributo a questa causa pu\u00f2 essere importante. Sono esperienze difficili, dolorose. Come personaggio pubblico, e come pap\u00e0 di due figlie, mi sono messo subito a disposizione. Credo che ogni atleta dovrebbe farlo. E\u2019 un dovere morale. Siamo dei fortunati. E\u2019 una specie di debito con la societ\u00e0 mettersi al fianco di chi non ha avuto la nostra fortuna: nascere in salute e vincenti.<\/span><\/p>\n<p><span style=\"font-size: 14pt;\"><strong>\u00a0<\/strong><\/span><\/p>\n<p><span style=\"font-size: 14pt;\"><strong>Cosa pu\u00f2 dare un campione dello sport al mondo del volontariato?<\/strong><\/span><\/p>\n<p><span style=\"font-size: 14pt;\">Grazie alle vittorie che abbiamo ottenuto e che ci hanno portati a essere molto conosciuti dall\u2019opinione pubblica, possiamo costituire un valore aggiunto. E lo dico senza presunzione. Possiamo essere un esempio per gli altri. Un atleta trova sempre una soluzione per migliorarsi. Il messaggio che vorrei dare alle famiglie \u00e8 di non demordere, non mollare e di non smettere mai di contare sulle proprie risorse anche nei momenti pi\u00f9 neri.<\/span><\/p>\n<p>&nbsp;<\/p>\n<p><span style=\"font-size: 14pt;\"><strong>Che esperienza ha con la malattia?<\/strong><\/span><\/p>\n<p><span style=\"font-size: 14pt;\">Mi \u00e8 capitato pi\u00f9 volte di conoscere realt\u00e0 dolorose. Sono andato nei reparti oncologici per incontrare bambini che poche settimane dopo non c\u2019erano pi\u00f9. Ho cercato di tranquillizzarli col sorriso.<\/span><\/p>\n<p>&nbsp;<\/p>\n<p><span style=\"font-size: 14pt;\"><strong>Ricorda una storia in particolare?<\/strong><\/span><\/p>\n<p><span style=\"font-size: 14pt;\">Non dimenticher\u00f2 mai Giulio, un bambino che espresse il desiderio di conoscere un campione. Attraverso un\u2019Associazione di familiari ho accettato il suo invito. Era malato di tumore. Sono andato a casa sua, siamo stati insieme un paio d\u2019ore. Un giorno mi hanno telefonato per dirmi che Giulio non c\u2019era pi\u00f9. Per molte settimane non ho fatto che pensare a lui e alla sofferenza dei genitori. Ho capito quanta forza c\u2019\u00e8 nelle famiglie che devono sopportare queste perdite immense.<\/span><\/p>\n<p>&nbsp;<\/p>\n<p><span style=\"font-size: 14pt;\"><strong>E poi?<\/strong><\/span><\/p>\n<p><span style=\"font-size: 14pt;\">Ho conosciuto bambini ipovedenti del settore paralimpico. Ho visto la loro felicit\u00e0 quando diventano protagonisti. Farli felici ti riempie di gioia. E\u2019 un arricchimento dell\u2019anima. Per non parlare dell\u2019abnegazione di mamme che vivono per mesi in ospedale accanto ai loro figli. E\u2019 un mondo fatto di storie speciali.<\/span><\/p>\n<p>&nbsp;<\/p>\n<p><span style=\"font-size: 14pt;\"><strong>Nella sua famiglia \u00e8 mai entrata la malattia?<\/strong><\/span><\/p>\n<p><span style=\"font-size: 14pt;\">Mio pap\u00e0 ha l\u2019Alzheimer. Lo seguo con l\u2019apprensione di chi \u00e8 consapevole che purtroppo c\u2019\u00e8 poco da fare, se non stargli accanto in tutti i momenti che posso.<\/span><\/p>\n<p>&nbsp;<\/p>\n<p><span style=\"font-size: 14pt;\"><strong>Margherita De Bac<\/strong><\/span><\/p>\n","protected":false},"excerpt":{"rendered":"<p>Sar\u00e0 Massimiliano Rosolino, a partire da quest\u2019anno, il testimonial di ASM e della Fondazione ASM per la salute dell\u2019infanzia. \u00a0Nato a Napoli nel 1978, Rosolino \u00e8 stato campione olimpico a Sydney nel 2000 e mondiale a\u00a0Fukuoka nel 2001 nei 200 metri misti di nuoto. Tra il 1995 e il 2008 \u00e8 stato quattordici volte campione [&hellip;]<\/p>\n","protected":false},"author":3,"featured_media":0,"parent":0,"menu_order":0,"comment_status":"closed","ping_status":"closed","template":"","meta":{"footnotes":""},"yoast_head":"<!-- This site is optimized with the Yoast SEO plugin v22.0 - https:\/\/yoast.com\/wordpress\/plugins\/seo\/ -->\n<title>Il nostro Testimonial - ASM Onlus<\/title>\n<meta name=\"robots\" content=\"index, follow, max-snippet:-1, max-image-preview:large, max-video-preview:-1\" \/>\n<link rel=\"canonical\" href=\"http:\/\/asmonlus.it\/index.php\/il-nostro-testimonial\/\" \/>\n<meta property=\"og:locale\" content=\"it_IT\" \/>\n<meta property=\"og:type\" content=\"article\" \/>\n<meta property=\"og:title\" content=\"Il nostro Testimonial - ASM Onlus\" \/>\n<meta property=\"og:description\" content=\"Sar\u00e0 Massimiliano Rosolino, a partire da quest\u2019anno, il testimonial di ASM e della Fondazione ASM per la salute dell\u2019infanzia. \u00a0Nato a Napoli nel 1978, Rosolino \u00e8 stato campione olimpico a Sydney nel 2000 e mondiale a\u00a0Fukuoka nel 2001 nei 200 metri misti di nuoto. Tra il 1995 e il 2008 \u00e8 stato quattordici volte campione [&hellip;]\" \/>\n<meta property=\"og:url\" content=\"http:\/\/asmonlus.it\/index.php\/il-nostro-testimonial\/\" \/>\n<meta property=\"og:site_name\" content=\"ASM Onlus\" \/>\n<meta property=\"article:publisher\" content=\"https:\/\/www.facebook.com\/ASM-ONLUS-Associazione-Italiana-Studio-Malformazioni-234922936565638\" \/>\n<meta property=\"article:modified_time\" content=\"2025-06-12T08:19:45+00:00\" \/>\n<meta property=\"og:image\" content=\"https:\/\/asmonlus.it\/wp-content\/uploads\/2019\/03\/image.png\" \/>\n\t<meta property=\"og:image:width\" content=\"220\" \/>\n\t<meta property=\"og:image:height\" content=\"220\" \/>\n\t<meta property=\"og:image:type\" content=\"image\/png\" \/>\n<meta name=\"twitter:card\" content=\"summary_large_image\" \/>\n<meta name=\"twitter:label1\" content=\"Tempo di lettura stimato\" \/>\n\t<meta name=\"twitter:data1\" content=\"3 minuti\" \/>\n<script type=\"application\/ld+json\" class=\"yoast-schema-graph\">{\"@context\":\"https:\/\/schema.org\",\"@graph\":[{\"@type\":\"WebPage\",\"@id\":\"http:\/\/asmonlus.it\/index.php\/il-nostro-testimonial\/\",\"url\":\"http:\/\/asmonlus.it\/index.php\/il-nostro-testimonial\/\",\"name\":\"Il nostro Testimonial - ASM Onlus\",\"isPartOf\":{\"@id\":\"https:\/\/asmonlus.it\/#website\"},\"datePublished\":\"2025-06-11T12:40:06+00:00\",\"dateModified\":\"2025-06-12T08:19:45+00:00\",\"breadcrumb\":{\"@id\":\"http:\/\/asmonlus.it\/index.php\/il-nostro-testimonial\/#breadcrumb\"},\"inLanguage\":\"it-IT\",\"potentialAction\":[{\"@type\":\"ReadAction\",\"target\":[\"http:\/\/asmonlus.it\/index.php\/il-nostro-testimonial\/\"]}]},{\"@type\":\"BreadcrumbList\",\"@id\":\"http:\/\/asmonlus.it\/index.php\/il-nostro-testimonial\/#breadcrumb\",\"itemListElement\":[{\"@type\":\"ListItem\",\"position\":1,\"name\":\"Home\",\"item\":\"https:\/\/asmonlus.it\/\"},{\"@type\":\"ListItem\",\"position\":2,\"name\":\"Il nostro Testimonial\"}]},{\"@type\":\"WebSite\",\"@id\":\"https:\/\/asmonlus.it\/#website\",\"url\":\"https:\/\/asmonlus.it\/\",\"name\":\"ASM Onlus\",\"description\":\"\",\"publisher\":{\"@id\":\"https:\/\/asmonlus.it\/#organization\"},\"potentialAction\":[{\"@type\":\"SearchAction\",\"target\":{\"@type\":\"EntryPoint\",\"urlTemplate\":\"https:\/\/asmonlus.it\/?s={search_term_string}\"},\"query-input\":\"required name=search_term_string\"}],\"inLanguage\":\"it-IT\"},{\"@type\":\"Organization\",\"@id\":\"https:\/\/asmonlus.it\/#organization\",\"name\":\"ASM Onlus\",\"url\":\"https:\/\/asmonlus.it\/\",\"logo\":{\"@type\":\"ImageObject\",\"inLanguage\":\"it-IT\",\"@id\":\"https:\/\/asmonlus.it\/#\/schema\/logo\/image\/\",\"url\":\"http:\/\/asmonlus.it\/wp-content\/uploads\/2019\/03\/image.png\",\"contentUrl\":\"http:\/\/asmonlus.it\/wp-content\/uploads\/2019\/03\/image.png\",\"width\":220,\"height\":220,\"caption\":\"ASM Onlus\"},\"image\":{\"@id\":\"https:\/\/asmonlus.it\/#\/schema\/logo\/image\/\"},\"sameAs\":[\"https:\/\/www.facebook.com\/ASM-ONLUS-Associazione-Italiana-Studio-Malformazioni-234922936565638\",\"https:\/\/www.instagram.com\/asmonlus.it\",\"https:\/\/www.youtube.com\/channel\/UCHy1ALeK8g71u_JVC9mcvWQ\"]}]}<\/script>\n<!-- \/ Yoast SEO plugin. -->","yoast_head_json":{"title":"Il nostro Testimonial - ASM Onlus","robots":{"index":"index","follow":"follow","max-snippet":"max-snippet:-1","max-image-preview":"max-image-preview:large","max-video-preview":"max-video-preview:-1"},"canonical":"http:\/\/asmonlus.it\/index.php\/il-nostro-testimonial\/","og_locale":"it_IT","og_type":"article","og_title":"Il nostro Testimonial - ASM Onlus","og_description":"Sar\u00e0 Massimiliano Rosolino, a partire da quest\u2019anno, il testimonial di ASM e della Fondazione ASM per la salute dell\u2019infanzia. \u00a0Nato a Napoli nel 1978, Rosolino \u00e8 stato campione olimpico a Sydney nel 2000 e mondiale a\u00a0Fukuoka nel 2001 nei 200 metri misti di nuoto. Tra il 1995 e il 2008 \u00e8 stato quattordici volte campione [&hellip;]","og_url":"http:\/\/asmonlus.it\/index.php\/il-nostro-testimonial\/","og_site_name":"ASM Onlus","article_publisher":"https:\/\/www.facebook.com\/ASM-ONLUS-Associazione-Italiana-Studio-Malformazioni-234922936565638","article_modified_time":"2025-06-12T08:19:45+00:00","og_image":[{"width":220,"height":220,"url":"https:\/\/asmonlus.it\/wp-content\/uploads\/2019\/03\/image.png","type":"image\/png"}],"twitter_card":"summary_large_image","twitter_misc":{"Tempo di lettura stimato":"3 minuti"},"schema":{"@context":"https:\/\/schema.org","@graph":[{"@type":"WebPage","@id":"http:\/\/asmonlus.it\/index.php\/il-nostro-testimonial\/","url":"http:\/\/asmonlus.it\/index.php\/il-nostro-testimonial\/","name":"Il nostro Testimonial - ASM Onlus","isPartOf":{"@id":"https:\/\/asmonlus.it\/#website"},"datePublished":"2025-06-11T12:40:06+00:00","dateModified":"2025-06-12T08:19:45+00:00","breadcrumb":{"@id":"http:\/\/asmonlus.it\/index.php\/il-nostro-testimonial\/#breadcrumb"},"inLanguage":"it-IT","potentialAction":[{"@type":"ReadAction","target":["http:\/\/asmonlus.it\/index.php\/il-nostro-testimonial\/"]}]},{"@type":"BreadcrumbList","@id":"http:\/\/asmonlus.it\/index.php\/il-nostro-testimonial\/#breadcrumb","itemListElement":[{"@type":"ListItem","position":1,"name":"Home","item":"https:\/\/asmonlus.it\/"},{"@type":"ListItem","position":2,"name":"Il nostro Testimonial"}]},{"@type":"WebSite","@id":"https:\/\/asmonlus.it\/#website","url":"https:\/\/asmonlus.it\/","name":"ASM Onlus","description":"","publisher":{"@id":"https:\/\/asmonlus.it\/#organization"},"potentialAction":[{"@type":"SearchAction","target":{"@type":"EntryPoint","urlTemplate":"https:\/\/asmonlus.it\/?s={search_term_string}"},"query-input":"required name=search_term_string"}],"inLanguage":"it-IT"},{"@type":"Organization","@id":"https:\/\/asmonlus.it\/#organization","name":"ASM Onlus","url":"https:\/\/asmonlus.it\/","logo":{"@type":"ImageObject","inLanguage":"it-IT","@id":"https:\/\/asmonlus.it\/#\/schema\/logo\/image\/","url":"http:\/\/asmonlus.it\/wp-content\/uploads\/2019\/03\/image.png","contentUrl":"http:\/\/asmonlus.it\/wp-content\/uploads\/2019\/03\/image.png","width":220,"height":220,"caption":"ASM Onlus"},"image":{"@id":"https:\/\/asmonlus.it\/#\/schema\/logo\/image\/"},"sameAs":["https:\/\/www.facebook.com\/ASM-ONLUS-Associazione-Italiana-Studio-Malformazioni-234922936565638","https:\/\/www.instagram.com\/asmonlus.it","https:\/\/www.youtube.com\/channel\/UCHy1ALeK8g71u_JVC9mcvWQ"]}]}},"_links":{"self":[{"href":"https:\/\/asmonlus.it\/index.php\/wp-json\/wp\/v2\/pages\/3428"}],"collection":[{"href":"https:\/\/asmonlus.it\/index.php\/wp-json\/wp\/v2\/pages"}],"about":[{"href":"https:\/\/asmonlus.it\/index.php\/wp-json\/wp\/v2\/types\/page"}],"author":[{"embeddable":true,"href":"https:\/\/asmonlus.it\/index.php\/wp-json\/wp\/v2\/users\/3"}],"replies":[{"embeddable":true,"href":"https:\/\/asmonlus.it\/index.php\/wp-json\/wp\/v2\/comments?post=3428"}],"version-history":[{"count":4,"href":"https:\/\/asmonlus.it\/index.php\/wp-json\/wp\/v2\/pages\/3428\/revisions"}],"predecessor-version":[{"id":3435,"href":"https:\/\/asmonlus.it\/index.php\/wp-json\/wp\/v2\/pages\/3428\/revisions\/3435"}],"wp:attachment":[{"href":"https:\/\/asmonlus.it\/index.php\/wp-json\/wp\/v2\/media?parent=3428"}],"curies":[{"name":"wp","href":"https:\/\/api.w.org\/{rel}","templated":true}]}}