{"id":3,"date":"2019-03-06T14:46:20","date_gmt":"2019-03-06T13:46:20","guid":{"rendered":"http:\/\/www.asmonlus.it\/?page_id=3"},"modified":"2019-10-25T08:54:05","modified_gmt":"2019-10-25T06:54:05","slug":"privacy-policy","status":"publish","type":"page","link":"http:\/\/asmonlus.it\/index.php\/privacy-policy\/","title":{"rendered":"Privacy Policy"},"content":{"rendered":"<div  style='padding-bottom:10px; ' class='av-special-heading av-special-heading-h3    avia-builder-el-0  el_before_av_textblock  avia-builder-el-first  '><h3 class='av-special-heading-tag '  itemprop=\"headline\"  >INFORMATIVA PRIVACY &#8211; Privacy policy<\/h3><div class='special-heading-border'><div class='special-heading-inner-border' ><\/div><\/div><\/div>\r\n\r\n<section class=\"av_textblock_section \"  itemscope=\"itemscope\" itemtype=\"https:\/\/schema.org\/CreativeWork\" ><div class='avia_textblock  '   itemprop=\"text\" ><p>Aggiornamento del 25 Maggio 2018<\/p>\n<hr \/>\n<div class='w3eden'><!-- WPDM Link Template: Default Template -->\n\n<div class=\"link-template-default card mb-2\">\n    <div class=\"card-body\">\n        <div class=\"media\">\n            <div class=\"mr-3 img-48\"><img decoding=\"async\" class=\"wpdm_icon\" alt=\"Icona\"   src=\"http:\/\/asmonlus.it\/wp-content\/plugins\/download-manager\/assets\/file-type-icons\/pdf.png\" \/><\/div>\n            <div class=\"media-body\">\n                <h3 class=\"package-title\"><a href='http:\/\/asmonlus.it\/index.php\/download\/privacy\/'>Privacy<\/a><\/h3>\n                <div class=\"text-muted text-small\"><i class=\"fas fa-copy\"><\/i> 1 file <i class=\"fas fa-hdd ml-3\"><\/i> 222.25 KB<\/div>\n            <\/div>\n            <div class=\"ml-3\">\n                <a class='wpdm-download-link download-on-click btn btn-primary ' rel='nofollow' href='#' data-downloadurl=\"http:\/\/asmonlus.it\/index.php\/download\/privacy\/?wpdmdl=245&refresh=69e9f0d7ab1e11776939223\">Download<\/a>\n            <\/div>\n        <\/div>\n    <\/div>\n<\/div>\n\n<\/div>\n<\/div><\/section>\r\n\r\n<div   class='hr hr-default   avia-builder-el-2  el_after_av_textblock  el_before_av_textblock '><span class='hr-inner ' ><span class='hr-inner-style'><\/span><\/span><\/div>\r\n\r\n<section class=\"av_textblock_section \"  itemscope=\"itemscope\" itemtype=\"https:\/\/schema.org\/CreativeWork\" ><div class='avia_textblock  '   itemprop=\"text\" ><p>Gentile Utente,<\/p>\n<p>ai sensi dell\u2019art. 13 Regolamento UE n.679\/2016 (in seguito \u201cGDPR\u201d), la informiamo che il trattamento dei dati da lei forniti sar\u00e0 effettuato con modalit\u00e0 e procedure finalizzate a garantire che il trattamento dei dati personali si svolga nel rispetto dei diritti e delle libert\u00e0 fondamentali, nonch\u00e9 della dignit\u00e0 dell\u2019interessato, con particolare riferimento alla riservatezza e sicurezza, all\u2019identit\u00e0 personale e al diritto alla protezione dei dati personali.<\/p>\n<p>Rammentiamo che per trattamento si intende qualsiasi operazione o insieme di operazioni, compiute con o senza l\u2019ausilio di processi automatizzati e applicate a dati personali o insiemi di dati personali, come la raccolta, la registrazione, l\u2019organizzazione, la strutturazione, la conservazione, l\u2019adattamento o la modifica, l\u2019estrazione, la consultazione, l\u2019uso, la comunicazione mediante trasmissione, diffusione o qualsiasi altra forma di messa a disposizione, il raffronto o l\u2019interconnessione, la limitazione, la cancellazione o la distruzione (art. 4 GDPR).<\/p>\n<p><strong>1 Oggetto del trattamento I dati trattati da ASM ONLUS si riferiscono a: <\/strong><\/p>\n<p>&#8211; Dati raccolti in automatico. I sistemi informatici e gli applicativi dedicati al funzionamento di questo sito web rilevano, nel corso del loro normale funzionamento, alcuni dati (la cui trasmissione \u00e8 implicita nell\u2019uso dei protocolli di comunicazione di internet) potenzialmente associati ad utenti identificabili. Tra i dati raccolti sono compresi gli indirizzi IP e i nomi di dominio dei computer utilizzati dagli utenti che si connettono al sito, gli indirizzi in notazione URI (Uniform Resource Identifier) delle risorse richieste, l\u2019orario della richiesta, il metodo utilizzato nel sottoporre la richiesta al server, la dimensione del file ottenuto in risposta, il codice numerico indicante lo stato della risposta data dal server (buon fine, errore, ecc.) ed altri parametri riguardanti il sistema operativo, il browser e l\u2019ambiente informatico utilizzato dall\u2019utente. Questi dati vengono trattati, per il tempo strettamente necessario, al solo fine di ricavare informazioni statistiche sull\u2019uso del sito e per controllarne il regolare funzionamento. Il conferimento di tali dati \u00e8 obbligatorio in quanto direttamente collegato all\u2019esperienza di navigazione web.<\/p>\n<p>&#8211; Dati forniti volontariamente dall\u2019utente. Il trattamento dei dati da lei forniti attraverso la compilazione di moduli di raccolta \u00e8 subordinato al suo consenso espresso ed inequivocabile. Al contrario l\u2019invio volontario, da parte sua, di e-mail ai nostri indirizzi di posta elettronica non necessita di ulteriori informative o richieste di consenso.<\/p>\n<p>&#8211; Cookies. Il sito utilizza cookies tecnici di terze parti i quali potrebbero raccogliere dati di navigazione degli utenti, il cui conferimento \u00e8 facoltativo ed avviene tramite espressione di un consenso libero ed informato. I cookies operano al fine di analizzare l\u2019efficacia del sito e di renderlo nel tempo pi\u00f9 facile ed intuitivo. Per maggiori informazioni sono disponibili apposite linee-guida sui cookies.<\/p>\n<p><strong>2 Base giuridica del trattamento <\/strong><\/p>\n<p>La base giuridica di tale trattamento si ravvisa: (i) nel suo consenso espresso ed inequivocabile (ex art. 6.1, lett. a) del GDPR); (ii) nel legittimo interesse del Titolare del trattamento (ex art. 6.1, lett. f) del GDPR).<\/p>\n<p><strong>3 Finalit\u00e0 del trattamento<\/strong><\/p>\n<p>I dati personali sono trattati con la sola finalit\u00e0 del miglioramento della sua esperienza di navigazione e per rispondere ad una sua eventuale richiesta di informazioni.<\/p>\n<p><strong>4 Modalit\u00e0 del trattamento <\/strong><\/p>\n<p>I dati personali da lei forniti, formeranno oggetto di operazioni di trattamento nel rispetto della normativa sopracitata e degli obblighi di riservatezza a cui \u00e8 ispirata l&#8217;attivit\u00e0 del Titolare. I dati verranno trattati sia con strumenti informatici sia su supporti cartacei sia su ogni altro tipo di supporto idoneo, nel rispetto delle misure adeguate di sicurezza ai sensi dell\u2019art 5 par. 1 lett. f) del GDPR.<\/p>\n<p>Il trattamento si limita alle seguenti operazioni e con le seguenti modalit\u00e0:<\/p>\n<p>&#8211; raccolta dei dati presso l\u2019interessato;<\/p>\n<p>&#8211; registrazione ed elaborazione su supporto informatizzato;<\/p>\n<p>&#8211; organizzazione degli archivi in forma prevalentemente automatizzata.<\/p>\n<p>I dati in questione non saranno oggetto di diffusione, mentre verranno o potranno essere comunicati a soggetti, pubblici o privati, che operano nell\u2019\u00e0mbito delle finalit\u00e0 sopra descritte.<\/p>\n<p><strong>5 Conservazione dei dati <\/strong><\/p>\n<p>I dati raccolti verranno conservati per un arco di tempo non superiore al conseguimento delle finalit\u00e0 per le quali sono trattati (\u201cprincipio di limitazione della conservazione\u201d, art. 5 GDPR).<\/p>\n<p><strong>6 Accesso al trattamento <\/strong><\/p>\n<p>I dati saranno resi accessibili, per le finalit\u00e0 di cui al punto n. 3:<\/p>\n<p>&#8211; ai dipendenti\/collaboratori nella loro qualit\u00e0 di autorizzati al trattamento, previa idonea nomina;<\/p>\n<p>&#8211; a soggetti terzi, partner del Titolare del trattamento dei dati.<\/p>\n<p><strong>7 Comunicazione dei dati<\/strong><\/p>\n<p>I dati non verranno comunicati a terzi non autorizzati, oppure diffusi in alcun modo. A tal fine il trattamento \u00e8 condotto con l\u2019impiego delle misure di sicurezza idonee ad impedire l\u2019accesso ai dati non autorizzato da parte di terzi e a garantire la riservatezza dei dati. Senza la necessit\u00e0 di un espresso consenso, il Titolare potr\u00e0 comunicare i suoi dati, per le finalit\u00e0 di cui al punto 3, ai seguenti soggetti:<\/p>\n<p>&#8211; collaboratori e responsabili esterni della societ\u00e0 incaricati di eseguire le operazioni di trattamento.<\/p>\n<p><strong>8 Trasferimento dei dati <\/strong><\/p>\n<p>La gestione e la conservazione dei dati personali avverr\u00e0 su server del Titolare e\/o di societ\u00e0 terze, incaricate e debitamente nominate quali Responsabili del trattamento. Tali server saranno ubicati all\u2019interno dell\u2019Unione Europea. I dati non saranno oggetto di trasferimento al di fuori dell\u2019Unione Europea.<\/p>\n<p><strong>9 Natura del conferimento dei dati e conseguenze del rifiuto di rispondere<\/strong><\/p>\n<p>Il conferimento dei dati per le finalit\u00e0 di cui al punto 3 \u00e8 obbligatorio. In loro assenza, non sar\u00e0 possibile procedere con la navigazione nel presente sito.<\/p>\n<p><strong>10 Diritti dell\u2019interessato <\/strong><\/p>\n<p>Secondo le disposizioni del GDPR, l\u2019interessato ha i seguenti diritti nei confronti del Titolare del trattamento:<\/p>\n<p>&#8211; ottenere la conferma che sia o meno in corso un trattamento di dati personali che lo riguardano e, in tal caso, ottenere l&#8217;accesso ai dati personali (Diritto di accesso, art. 15);<\/p>\n<p>&#8211; ottenere, senza ingiustificato ritardo, la rettifica dei dati personali inesatti che lo riguardano (Diritto di rettifica, art. 16);<\/p>\n<p>&#8211; ottenere, senza ingiustificato ritardo, la cancellazione dei dati personali che lo riguardano. Il Titolare del trattamento ha l&#8217;obbligo di cancellare, senza ingiustificato ritardo, i dati personali se sussistono determinate condizioni (Diritto all\u2019obl\u00eco, art. 17);<\/p>\n<p>&#8211; ottenere la limitazione del trattamento in determinate ipotesi (Diritto alla limitazione del trattamento, art. 18);<\/p>\n<p>&#8211; ricevere in un formato strutturato, di uso comune e leggibile da dispositivo automatico, i dati personali che lo riguardano. L\u2019interessato ha inoltre il diritto, in determinati casi, di trasmettere tali dati a un altro Titolare del trattamento, senza impedimenti da parte del Titolare del trattamento cui li ha forniti (Diritto alla portabilit\u00e0 dei dati, art. 20);<\/p>\n<p>&#8211; opporsi in qualsiasi momento, per motivi connessi alla sua situazione particolare, al trattamento dei dati personali che lo riguardano (Diritto di opposizione, art. 21);<\/p>\n<p>&#8211; ricevere, senza ingiustificato ritardo, comunicazione della violazione dei dati personali sub\u00ecta dal Titolare del trattamento (art. 34);<\/p>\n<p>&#8211; revocare, in qualsiasi momento, il consenso espresso (Condizioni per il consenso, art. 7).<\/p>\n<p>Ove applicabile, oltre ai diritti di cui agli artt. 16-21 GDPR (Diritto di rettifica, diritto all\u2019obl\u00eco, diritto alla limitazione di trattamento, diritto alla portabilit\u00e0 dei dati, diritto di opposizione), l\u2019interessato ha diritto di reclamo all\u2019Autorit\u00e0 Garante.<\/p>\n<p><strong>11 Modalit\u00e0 di esercizio del diritto <\/strong><\/p>\n<p>Raccomandata A\/R ad ASM ONLUS &#8211; Corso Italia, 45 &#8211; 20122 Milano &#8211; Tel. 02-58.43.03.13 &#8211; email: <a href=\"mailto:redazione@asmonlus.it\">redazione@asmonlus.it<\/a><\/p>\n<p><strong>12 Titolare del trattamento <\/strong><\/p>\n<p>Il Titolare del trattamento \u00e8 ASM ONLUS &#8211; Corso Italia, 45 &#8211; 20122 Milano &#8211; Tel. 02-58.43.03.13 &#8211; email: <a href=\"mailto:redazione@asmonlus.it\">redazione@asmonlus.it<\/a><\/p>\n<p>L\u2019elenco dei responsabili e degli autorizzati al trattamento \u00e8 consultabile presso la sede del Titolare del trattamento sopra citato.<\/p>\n<p><strong>13 Aggiornamento della presente informativa <\/strong><\/p>\n<p>La presente Informativa potr\u00e0 subire variazioni. Eventuali modifiche sostanziali saranno trasmesse agli interessati tramite avviso o pubblicazione sul sito internet aziendale.<\/p>\n<\/div><\/section>","protected":false},"excerpt":{"rendered":"","protected":false},"author":1,"featured_media":0,"parent":0,"menu_order":0,"comment_status":"closed","ping_status":"open","template":"","meta":{"footnotes":""},"yoast_head":"<!-- This site is optimized with the Yoast SEO plugin v22.0 - https:\/\/yoast.com\/wordpress\/plugins\/seo\/ -->\n<title>Privacy Policy - ASM Onlus<\/title>\n<meta name=\"robots\" content=\"index, follow, max-snippet:-1, max-image-preview:large, max-video-preview:-1\" \/>\n<link rel=\"canonical\" href=\"https:\/\/asmonlus.it\/index.php\/privacy-policy\/\" \/>\n<meta property=\"og:locale\" content=\"it_IT\" \/>\n<meta property=\"og:type\" content=\"article\" \/>\n<meta property=\"og:title\" content=\"Privacy Policy - ASM Onlus\" \/>\n<meta property=\"og:url\" content=\"https:\/\/asmonlus.it\/index.php\/privacy-policy\/\" \/>\n<meta property=\"og:site_name\" content=\"ASM Onlus\" \/>\n<meta property=\"article:publisher\" content=\"https:\/\/www.facebook.com\/ASM-ONLUS-Associazione-Italiana-Studio-Malformazioni-234922936565638\" \/>\n<meta property=\"article:modified_time\" content=\"2019-10-25T06:54:05+00:00\" \/>\n<meta property=\"og:image\" content=\"http:\/\/asmonlus.it\/wp-content\/uploads\/2019\/03\/image.png\" \/>\n\t<meta property=\"og:image:width\" content=\"220\" \/>\n\t<meta property=\"og:image:height\" content=\"220\" \/>\n\t<meta property=\"og:image:type\" content=\"image\/png\" \/>\n<meta name=\"twitter:card\" content=\"summary_large_image\" \/>\n<meta name=\"twitter:label1\" content=\"Tempo di lettura stimato\" \/>\n\t<meta name=\"twitter:data1\" content=\"7 minuti\" \/>\n<script type=\"application\/ld+json\" class=\"yoast-schema-graph\">{\"@context\":\"https:\/\/schema.org\",\"@graph\":[{\"@type\":\"WebPage\",\"@id\":\"https:\/\/asmonlus.it\/index.php\/privacy-policy\/\",\"url\":\"https:\/\/asmonlus.it\/index.php\/privacy-policy\/\",\"name\":\"Privacy Policy - ASM Onlus\",\"isPartOf\":{\"@id\":\"http:\/\/asmonlus.it\/#website\"},\"datePublished\":\"2019-03-06T13:46:20+00:00\",\"dateModified\":\"2019-10-25T06:54:05+00:00\",\"breadcrumb\":{\"@id\":\"https:\/\/asmonlus.it\/index.php\/privacy-policy\/#breadcrumb\"},\"inLanguage\":\"it-IT\",\"potentialAction\":[{\"@type\":\"ReadAction\",\"target\":[\"https:\/\/asmonlus.it\/index.php\/privacy-policy\/\"]}]},{\"@type\":\"BreadcrumbList\",\"@id\":\"https:\/\/asmonlus.it\/index.php\/privacy-policy\/#breadcrumb\",\"itemListElement\":[{\"@type\":\"ListItem\",\"position\":1,\"name\":\"Home\",\"item\":\"https:\/\/asmonlus.it\/\"},{\"@type\":\"ListItem\",\"position\":2,\"name\":\"Privacy Policy\"}]},{\"@type\":\"WebSite\",\"@id\":\"http:\/\/asmonlus.it\/#website\",\"url\":\"http:\/\/asmonlus.it\/\",\"name\":\"ASM Onlus\",\"description\":\"\",\"publisher\":{\"@id\":\"http:\/\/asmonlus.it\/#organization\"},\"potentialAction\":[{\"@type\":\"SearchAction\",\"target\":{\"@type\":\"EntryPoint\",\"urlTemplate\":\"http:\/\/asmonlus.it\/?s={search_term_string}\"},\"query-input\":\"required name=search_term_string\"}],\"inLanguage\":\"it-IT\"},{\"@type\":\"Organization\",\"@id\":\"http:\/\/asmonlus.it\/#organization\",\"name\":\"ASM Onlus\",\"url\":\"http:\/\/asmonlus.it\/\",\"logo\":{\"@type\":\"ImageObject\",\"inLanguage\":\"it-IT\",\"@id\":\"http:\/\/asmonlus.it\/#\/schema\/logo\/image\/\",\"url\":\"http:\/\/asmonlus.it\/wp-content\/uploads\/2019\/03\/image.png\",\"contentUrl\":\"http:\/\/asmonlus.it\/wp-content\/uploads\/2019\/03\/image.png\",\"width\":220,\"height\":220,\"caption\":\"ASM Onlus\"},\"image\":{\"@id\":\"http:\/\/asmonlus.it\/#\/schema\/logo\/image\/\"},\"sameAs\":[\"https:\/\/www.facebook.com\/ASM-ONLUS-Associazione-Italiana-Studio-Malformazioni-234922936565638\",\"https:\/\/www.instagram.com\/asmonlus.it\",\"https:\/\/www.youtube.com\/channel\/UCHy1ALeK8g71u_JVC9mcvWQ\"]}]}<\/script>\n<!-- \/ Yoast SEO plugin. -->","yoast_head_json":{"title":"Privacy Policy - ASM Onlus","robots":{"index":"index","follow":"follow","max-snippet":"max-snippet:-1","max-image-preview":"max-image-preview:large","max-video-preview":"max-video-preview:-1"},"canonical":"https:\/\/asmonlus.it\/index.php\/privacy-policy\/","og_locale":"it_IT","og_type":"article","og_title":"Privacy Policy - ASM Onlus","og_url":"https:\/\/asmonlus.it\/index.php\/privacy-policy\/","og_site_name":"ASM Onlus","article_publisher":"https:\/\/www.facebook.com\/ASM-ONLUS-Associazione-Italiana-Studio-Malformazioni-234922936565638","article_modified_time":"2019-10-25T06:54:05+00:00","og_image":[{"width":220,"height":220,"url":"http:\/\/asmonlus.it\/wp-content\/uploads\/2019\/03\/image.png","type":"image\/png"}],"twitter_card":"summary_large_image","twitter_misc":{"Tempo di lettura stimato":"7 minuti"},"schema":{"@context":"https:\/\/schema.org","@graph":[{"@type":"WebPage","@id":"https:\/\/asmonlus.it\/index.php\/privacy-policy\/","url":"https:\/\/asmonlus.it\/index.php\/privacy-policy\/","name":"Privacy Policy - ASM Onlus","isPartOf":{"@id":"http:\/\/asmonlus.it\/#website"},"datePublished":"2019-03-06T13:46:20+00:00","dateModified":"2019-10-25T06:54:05+00:00","breadcrumb":{"@id":"https:\/\/asmonlus.it\/index.php\/privacy-policy\/#breadcrumb"},"inLanguage":"it-IT","potentialAction":[{"@type":"ReadAction","target":["https:\/\/asmonlus.it\/index.php\/privacy-policy\/"]}]},{"@type":"BreadcrumbList","@id":"https:\/\/asmonlus.it\/index.php\/privacy-policy\/#breadcrumb","itemListElement":[{"@type":"ListItem","position":1,"name":"Home","item":"https:\/\/asmonlus.it\/"},{"@type":"ListItem","position":2,"name":"Privacy Policy"}]},{"@type":"WebSite","@id":"http:\/\/asmonlus.it\/#website","url":"http:\/\/asmonlus.it\/","name":"ASM Onlus","description":"","publisher":{"@id":"http:\/\/asmonlus.it\/#organization"},"potentialAction":[{"@type":"SearchAction","target":{"@type":"EntryPoint","urlTemplate":"http:\/\/asmonlus.it\/?s={search_term_string}"},"query-input":"required name=search_term_string"}],"inLanguage":"it-IT"},{"@type":"Organization","@id":"http:\/\/asmonlus.it\/#organization","name":"ASM Onlus","url":"http:\/\/asmonlus.it\/","logo":{"@type":"ImageObject","inLanguage":"it-IT","@id":"http:\/\/asmonlus.it\/#\/schema\/logo\/image\/","url":"http:\/\/asmonlus.it\/wp-content\/uploads\/2019\/03\/image.png","contentUrl":"http:\/\/asmonlus.it\/wp-content\/uploads\/2019\/03\/image.png","width":220,"height":220,"caption":"ASM Onlus"},"image":{"@id":"http:\/\/asmonlus.it\/#\/schema\/logo\/image\/"},"sameAs":["https:\/\/www.facebook.com\/ASM-ONLUS-Associazione-Italiana-Studio-Malformazioni-234922936565638","https:\/\/www.instagram.com\/asmonlus.it","https:\/\/www.youtube.com\/channel\/UCHy1ALeK8g71u_JVC9mcvWQ"]}]}},"_links":{"self":[{"href":"http:\/\/asmonlus.it\/index.php\/wp-json\/wp\/v2\/pages\/3"}],"collection":[{"href":"http:\/\/asmonlus.it\/index.php\/wp-json\/wp\/v2\/pages"}],"about":[{"href":"http:\/\/asmonlus.it\/index.php\/wp-json\/wp\/v2\/types\/page"}],"author":[{"embeddable":true,"href":"http:\/\/asmonlus.it\/index.php\/wp-json\/wp\/v2\/users\/1"}],"replies":[{"embeddable":true,"href":"http:\/\/asmonlus.it\/index.php\/wp-json\/wp\/v2\/comments?post=3"}],"version-history":[{"count":5,"href":"http:\/\/asmonlus.it\/index.php\/wp-json\/wp\/v2\/pages\/3\/revisions"}],"predecessor-version":[{"id":664,"href":"http:\/\/asmonlus.it\/index.php\/wp-json\/wp\/v2\/pages\/3\/revisions\/664"}],"wp:attachment":[{"href":"http:\/\/asmonlus.it\/index.php\/wp-json\/wp\/v2\/media?parent=3"}],"curies":[{"name":"wp","href":"https:\/\/api.w.org\/{rel}","templated":true}]}}