{"id":111,"date":"2019-03-06T18:50:09","date_gmt":"2019-03-06T17:50:09","guid":{"rendered":"http:\/\/www.asmonlus.it\/?page_id=111"},"modified":"2025-12-23T10:21:51","modified_gmt":"2025-12-23T09:21:51","slug":"sostienici","status":"publish","type":"page","link":"http:\/\/asmonlus.it\/index.php\/sostienici\/","title":{"rendered":"Sostieni ASM"},"content":{"rendered":"<div class=\"flex_column av_three_fourth  flex_column_div av-zero-column-padding first  avia-builder-el-0  el_before_av_one_fourth  avia-builder-el-first  \" style='border-radius:0px; '><p><div  style='padding-bottom:10px; ' class='av-special-heading av-special-heading-h3    avia-builder-el-1  el_before_av_textblock  avia-builder-el-first  '><h3 class='av-special-heading-tag '  itemprop=\"headline\"  >Sostieni le nostre attivit\u00e0<\/h3><div class='special-heading-border'><div class='special-heading-inner-border' ><\/div><\/div><\/div><br \/>\n<section class=\"av_textblock_section \"  itemscope=\"itemscope\" itemtype=\"https:\/\/schema.org\/CreativeWork\" ><div class='avia_textblock  '  style='font-size:14px; '  itemprop=\"text\" ><p>I\u00a0medici del nostro Filo Rosso si sono aggiornati per rispondere alle future mamme su tutti i quesiti relativi al Covid-19 e alla gestazione. <b>Sostienici con una donazione in piena sicurezza<\/b>, utilizzando la tua carta di credito direttamente su questo sito.<\/p>\n<p><strong>ASM non riceve alcun tipo di finanziamento pubblico:<\/strong> l&#8217;unica risorsa su cui pu\u00f2 contare per sostenere le proprie attivit\u00e0 di informazione, prevenzione, ricerca e cura nel campo della salute in gravidanza e delle malattie congenite \u00e8 il libero contributo dei cittadini. Chi diventa socio di ASM riceve la rivista \u201cEducazione alla Salute\u201d, che pubblica articoli divulgativi redatti da specialisti sulla salute durante la gestazione e nell\u2019epoca neonatale, tenendo anche aggiornati i lettori su tutte le iniziative dell\u2019Associazione.<\/p>\n<\/div><\/section><br \/>\n<div   class='hr hr-default   avia-builder-el-3  el_after_av_textblock  el_before_av_textblock '><span class='hr-inner ' ><span class='hr-inner-style'><\/span><\/span><\/div><br \/>\n<section class=\"av_textblock_section \"  itemscope=\"itemscope\" itemtype=\"https:\/\/schema.org\/CreativeWork\" ><div class='avia_textblock  '   itemprop=\"text\" ><p><strong><span style=\"font-size: 14pt;\">Carta di credito<\/span><br \/>\n<\/strong><\/p>\n<\/div><\/section><br \/>\n<div  class='avia-builder-widget-area clearfix  avia-builder-el-5  el_after_av_textblock  el_before_av_textblock '><div id=\"paypal_donations-2\" class=\"widget clearfix widget_paypal_donations\"><p>Puoi donare con carta di credito direttamente dal nostro sito clicca qui:<\/p>\n<!-- Begin PayPal Donations by https:\/\/www.tipsandtricks-hq.com\/paypal-donations-widgets-plugin -->\n\n<form action=\"https:\/\/www.paypal.com\/cgi-bin\/webscr\" method=\"post\" target=\"_blank\">\n    <div class=\"paypal-donations\">\n        <input type=\"hidden\" name=\"cmd\" value=\"_donations\" \/>\n        <input type=\"hidden\" name=\"bn\" value=\"TipsandTricks_SP\" \/>\n        <input type=\"hidden\" name=\"business\" value=\"amministrazione@asmonlus.it\" \/>\n        <input type=\"hidden\" name=\"item_number\" value=\"Fondazione ASM\" \/>\n        <input type=\"hidden\" name=\"rm\" value=\"0\" \/>\n        <input type=\"hidden\" name=\"currency_code\" value=\"EUR\" \/>\n        <input type=\"hidden\" name=\"lc\" value=\"IT\" \/>\n        <input type=\"image\" style=\"cursor: pointer;\" src=\"http:\/\/asmonlus.it\/wp-content\/uploads\/2022\/03\/donazione.png\" name=\"submit\" alt=\"PayPal - The safer, easier way to pay online.\" \/>\n        <img loading=\"lazy\" decoding=\"async\" alt=\"\" src=\"https:\/\/www.paypalobjects.com\/en_US\/i\/scr\/pixel.gif\" width=\"1\" height=\"1\" \/>\n    <\/div>\n<\/form>\n<!-- End PayPal Donations -->\n<\/div><\/div><br \/>\n<section class=\"av_textblock_section \"  itemscope=\"itemscope\" itemtype=\"https:\/\/schema.org\/CreativeWork\" ><div class='avia_textblock  '   itemprop=\"text\" ><p><img loading=\"lazy\" decoding=\"async\" class=\"alignnone wp-image-2514 size-full\" src=\"http:\/\/asmonlus.it\/wp-content\/uploads\/2022\/03\/carte-paypal.png\" alt=\"\" width=\"220\" height=\"79\" \/><\/p>\n<p style=\"text-align: left;\"><span style=\"font-size: 14pt;\">In alternativa, puoi sempre utilizzare gli altri canali:<\/span><\/p>\n<p><span style=\"font-size: 18pt;\"><strong>Conto corrente postale<\/strong><\/span><\/p>\n<p><span style=\"font-size: 14pt;\">n\u00b0 32005209 intestato a: ASM ONLUS, corso Italia 45-20122 Milano<\/span><\/p>\n<p><span style=\"font-size: 14pt;\">IBAN\u00a0IT 78 P 07601 01600 000032005209<\/span><\/p>\n<p style=\"text-align: center;\">Se non vuoi recarti all\u2019ufficio postale con il bollettino cartaceo, puoi trascrivere i dati del conto corrente postale di ASM nell\u2019apposita sezione \u201cbollettini bianchi\u201d della tua banca on-line o della tua APP bancaria. Se sei correntista di Poste Italiane, puoi effettuare la tua donazione nella sezione \u201cPaga online\u201d del sito www.poste.it<\/p>\n<hr \/>\n<p><span style=\"font-size: 18pt;\"><strong>Conto corrente bancario<\/strong><\/span><\/p>\n<p><span style=\"font-size: 14pt;\">IBAN IT58 A 05034 01690 000000017889<\/span><br \/>\n<span style=\"font-size: 14pt;\"> BANCO\u00a0BPM Spa\u00a0&#8211; AGENZIA 370, P.LE CADORNA 14\/16, MILANO<\/span><\/p>\n<p style=\"text-align: center;\">Utilizza la tua Banca on-line o la tua APP bancaria: \u00e8 pi\u00f9 comodo e veloce! <br aria-hidden=\"true\" \/>Anche per i bonifici continuativi<\/p>\n<p><strong><span style=\"color: #ff0000; font-size: 14pt;\">ATTENZIONE! UN AVVISO IMPORTANTE PER CHI FA DONAZIONI AD ASM TRAMITE BONIFICO<\/span><\/strong><\/p>\n<p><span style=\"font-size: 14pt;\">Con le nuove modalit\u00e0 di compilazione dei bonifici sicuri \u00e8 necessario che il nome della nostra Associazione venga scritto per esteso nello spazio riservato all\u2019intestatario del conto di ASM. Pertanto, dopo il nostro IBAN, dovrete scrivere che il conto corrispondente \u00e8 intestato ad <strong>ASM, Associazione Italiana Studio Malformazioni ONLUS. Non limitatevi a copiare eventuali precedenti bonifici di donazioni con l\u2019intestazione breve di ASM ONLUS, poich\u00e9 in tal caso il vostro sistema di <em>home banking<\/em> non vi far\u00e0 proseguire, indicandovi che l\u2019intestatario del conto \u00e8 sbagliato.<\/strong> Pu\u00f2 capitare che, anche scrivendo l\u2019intestazione del conto per esteso, il sistema indichi che la corrispondenza fra IBAN e intestatario del conto non \u00e8 completa. In tal caso potete proseguire, in quanto, se l\u2019IBAN \u00e8 stato riportato in modo corretto, non ci sono rischi di errori nella destinazione della donazione.<\/span><\/p>\n<p><span style=\"font-size: 14pt;\">Per rimanere in contatto, scarica il modulo:<\/span><\/p>\n<p><span style=\"font-size: 14pt;\"><div class=\"su-divider su-divider-style-default\" style=\"margin:10px 0;border-width:3px;border-color:#999999\"><\/div><\/span><\/p>\n<p><span style=\"font-size: 14pt;\"><div class='w3eden'><!-- WPDM Link Template: Default Template -->\n\n<div class=\"link-template-default card mb-2\">\n    <div class=\"card-body\">\n        <div class=\"media\">\n            <div class=\"mr-3 img-48\"><img decoding=\"async\" class=\"wpdm_icon\" alt=\"Icona\"   src=\"http:\/\/asmonlus.it\/wp-content\/plugins\/download-manager\/assets\/file-type-icons\/pdf.png\" \/><\/div>\n            <div class=\"media-body\">\n                <h3 class=\"package-title\"><a href='http:\/\/asmonlus.it\/index.php\/download\/modulo-adesione\/'>Modulo Adesione<\/a><\/h3>\n                <div class=\"text-muted text-small\"><i class=\"fas fa-copy\"><\/i> 1 file <i class=\"fas fa-hdd ml-3\"><\/i> 368 KB<\/div>\n            <\/div>\n            <div class=\"ml-3\">\n                <a class='wpdm-download-link download-on-click btn btn-primary ' rel='nofollow' href='#' data-downloadurl=\"http:\/\/asmonlus.it\/index.php\/download\/modulo-adesione\/?wpdmdl=112&refresh=69d1f72d907b51775367981\">Download<\/a>\n            <\/div>\n        <\/div>\n    <\/div>\n<\/div>\n\n<\/div><\/span><\/p>\n<hr \/>\n<p>Per le donazioni continuative, scarica il modulo:<\/p>\n<div class='w3eden'><!-- WPDM Link Template: Default Template -->\n\n<div class=\"link-template-default card mb-2\">\n    <div class=\"card-body\">\n        <div class=\"media\">\n            <div class=\"mr-3 img-48\"><img decoding=\"async\" class=\"wpdm_icon\" alt=\"Icona\"   src=\"http:\/\/asmonlus.it\/wp-content\/plugins\/download-manager\/assets\/file-type-icons\/pdf.png\" \/><\/div>\n            <div class=\"media-body\">\n                <h3 class=\"package-title\"><a href='http:\/\/asmonlus.it\/index.php\/download\/modulo-adesione-carta-di-credito\/'>Modulo Adesione - Carta di Credito<\/a><\/h3>\n                <div class=\"text-muted text-small\"><i class=\"fas fa-copy\"><\/i> 1 file <i class=\"fas fa-hdd ml-3\"><\/i> 658 KB<\/div>\n            <\/div>\n            <div class=\"ml-3\">\n                <a class='wpdm-download-link download-on-click btn btn-primary ' rel='nofollow' href='#' data-downloadurl=\"http:\/\/asmonlus.it\/index.php\/download\/modulo-adesione-carta-di-credito\/?wpdmdl=241&refresh=69d1f72d9b55e1775367981\">Download<\/a>\n            <\/div>\n        <\/div>\n    <\/div>\n<\/div>\n\n<\/div>\n<\/div><\/section><br \/>\n<div   class='hr hr-default   avia-builder-el-7  el_after_av_textblock  avia-builder-el-last '><span class='hr-inner ' ><span class='hr-inner-style'><\/span><\/span><\/div><\/p><\/div><div class=\"flex_column av_one_fourth  flex_column_div av-zero-column-padding   avia-builder-el-8  el_after_av_three_fourth  avia-builder-el-last  \" style='border-radius:0px; '><p><div  style='padding-bottom:10px; ' class='av-special-heading av-special-heading-h3    avia-builder-el-9  el_before_av_image  avia-builder-el-first  '><h3 class='av-special-heading-tag '  itemprop=\"headline\"  >Il LASCITO SOLIDALE, un gesto altruistico per la vita che verr\u00e0 <\/h3><div class='special-heading-border'><div class='special-heading-inner-border' ><\/div><\/div><\/div><br \/>\n<div  class='avia-image-container  av-styling-    avia-builder-el-10  el_after_av_heading  el_before_av_textblock  avia-align-center '  itemprop=\"image\" itemscope=\"itemscope\" itemtype=\"https:\/\/schema.org\/ImageObject\"  ><div class='avia-image-container-inner'><div class='avia-image-overlay-wrap'><img class='avia_image' src='http:\/\/asmonlus.it\/wp-content\/uploads\/2021\/09\/Lascito-Solidale-2-1-1-300x300.jpg' alt='' title='Lascito Solidale 2' height=\"300\" width=\"300\"  itemprop=\"thumbnailUrl\"  \/><\/div><\/div><\/div><br \/>\n<section class=\"av_textblock_section \"  itemscope=\"itemscope\" itemtype=\"https:\/\/schema.org\/CreativeWork\" ><div class='avia_textblock  '   itemprop=\"text\" ><p><strong>Un gesto che permetter\u00e0 di prolungare nel tempo il sostegno ad ASM,<\/strong> e quindi alla scienza medica in una delle sue missioni pi\u00f9 importanti e impegnative: dare l\u2019assistenza pi\u00f9 avanzata alle future mamme affinch\u00e9 il bambino che attendono possa essere, sempre pi\u00f9 spesso, un bambino sano, e in seguito un adulto in buona salute.<\/p>\n<\/div><\/section><br \/>\n<section class=\"av_textblock_section \"  itemscope=\"itemscope\" itemtype=\"https:\/\/schema.org\/CreativeWork\" ><div class='avia_textblock  '   itemprop=\"text\" ><p><a href=\"http:\/\/asmonlus.it\/index.php\/2021\/09\/13\/lasciti-solidali-cosi-potete-aiutarci\/\">Scopri di pi\u00f9&#8230;<\/a><\/p>\n<\/div><\/section><br \/>\n<div   class='hr hr-default   avia-builder-el-13  el_after_av_textblock  el_before_av_heading '><span class='hr-inner ' ><span class='hr-inner-style'><\/span><\/span><\/div><br \/>\n<div  style='padding-bottom:10px; ' class='av-special-heading av-special-heading-h3    avia-builder-el-14  el_after_av_hr  el_before_av_image  '><h3 class='av-special-heading-tag '  itemprop=\"headline\"  >5 per MILLE<\/h3><div class='special-heading-border'><div class='special-heading-inner-border' ><\/div><\/div><\/div><br \/>\n<div  class='avia-image-container  av-styling-    avia-builder-el-15  el_after_av_heading  el_before_av_textblock  avia-align-center '  itemprop=\"image\" itemscope=\"itemscope\" itemtype=\"https:\/\/schema.org\/ImageObject\"  ><div class='avia-image-container-inner'><div class='avia-image-overlay-wrap'><img class='avia_image' src='http:\/\/asmonlus.it\/wp-content\/uploads\/2021\/09\/5-X-Mille-2-300x300.jpg' alt='' title='5 X Mille' height=\"300\" width=\"300\"  itemprop=\"thumbnailUrl\"  \/><\/div><\/div><\/div><br \/>\n<section class=\"av_textblock_section \"  itemscope=\"itemscope\" itemtype=\"https:\/\/schema.org\/CreativeWork\" ><div class='avia_textblock  '  style='font-size:15px; '  itemprop=\"text\" ><p><strong>Un aiuto a costo zero<\/strong> per far nascere sani tanti bambini. Con il 5 per mille ad ASM \u00e8 possibile.<\/p>\n<\/div><\/section><br \/>\n<section class=\"av_textblock_section \"  itemscope=\"itemscope\" itemtype=\"https:\/\/schema.org\/CreativeWork\" ><div class='avia_textblock  '   itemprop=\"text\" ><p><a href=\"http:\/\/asmonlus.it\/index.php\/2019\/03\/18\/5-per-mille-ad-asm\/\">Scopri di pi\u00f9&#8230;<\/a><\/p>\n<\/div><\/section><\/p><\/div>\n","protected":false},"excerpt":{"rendered":"","protected":false},"author":1,"featured_media":0,"parent":0,"menu_order":0,"comment_status":"closed","ping_status":"closed","template":"","meta":{"footnotes":""},"yoast_head":"<!-- This site is optimized with the Yoast SEO plugin v22.0 - https:\/\/yoast.com\/wordpress\/plugins\/seo\/ -->\n<title>Sostieni ASM - ASM Onlus<\/title>\n<meta name=\"robots\" content=\"index, follow, max-snippet:-1, max-image-preview:large, max-video-preview:-1\" \/>\n<link rel=\"canonical\" href=\"https:\/\/asmonlus.it\/index.php\/sostienici\/\" \/>\n<meta property=\"og:locale\" content=\"it_IT\" \/>\n<meta property=\"og:type\" content=\"article\" \/>\n<meta property=\"og:title\" content=\"Sostieni ASM - ASM Onlus\" \/>\n<meta property=\"og:url\" content=\"https:\/\/asmonlus.it\/index.php\/sostienici\/\" \/>\n<meta property=\"og:site_name\" content=\"ASM Onlus\" \/>\n<meta property=\"article:publisher\" content=\"https:\/\/www.facebook.com\/ASM-ONLUS-Associazione-Italiana-Studio-Malformazioni-234922936565638\" \/>\n<meta property=\"article:modified_time\" content=\"2025-12-23T09:21:51+00:00\" \/>\n<meta property=\"og:image\" content=\"http:\/\/asmonlus.it\/wp-content\/uploads\/2022\/03\/carte-paypal.png\" \/>\n<meta name=\"twitter:card\" content=\"summary_large_image\" \/>\n<meta name=\"twitter:label1\" content=\"Tempo di lettura stimato\" \/>\n\t<meta name=\"twitter:data1\" content=\"5 minuti\" \/>\n<script type=\"application\/ld+json\" class=\"yoast-schema-graph\">{\"@context\":\"https:\/\/schema.org\",\"@graph\":[{\"@type\":\"WebPage\",\"@id\":\"https:\/\/asmonlus.it\/index.php\/sostienici\/\",\"url\":\"https:\/\/asmonlus.it\/index.php\/sostienici\/\",\"name\":\"Sostieni ASM - ASM Onlus\",\"isPartOf\":{\"@id\":\"http:\/\/asmonlus.it\/#website\"},\"datePublished\":\"2019-03-06T17:50:09+00:00\",\"dateModified\":\"2025-12-23T09:21:51+00:00\",\"breadcrumb\":{\"@id\":\"https:\/\/asmonlus.it\/index.php\/sostienici\/#breadcrumb\"},\"inLanguage\":\"it-IT\",\"potentialAction\":[{\"@type\":\"ReadAction\",\"target\":[\"https:\/\/asmonlus.it\/index.php\/sostienici\/\"]}]},{\"@type\":\"BreadcrumbList\",\"@id\":\"https:\/\/asmonlus.it\/index.php\/sostienici\/#breadcrumb\",\"itemListElement\":[{\"@type\":\"ListItem\",\"position\":1,\"name\":\"Home\",\"item\":\"https:\/\/asmonlus.it\/\"},{\"@type\":\"ListItem\",\"position\":2,\"name\":\"Sostieni ASM\"}]},{\"@type\":\"WebSite\",\"@id\":\"http:\/\/asmonlus.it\/#website\",\"url\":\"http:\/\/asmonlus.it\/\",\"name\":\"ASM Onlus\",\"description\":\"\",\"publisher\":{\"@id\":\"http:\/\/asmonlus.it\/#organization\"},\"potentialAction\":[{\"@type\":\"SearchAction\",\"target\":{\"@type\":\"EntryPoint\",\"urlTemplate\":\"http:\/\/asmonlus.it\/?s={search_term_string}\"},\"query-input\":\"required name=search_term_string\"}],\"inLanguage\":\"it-IT\"},{\"@type\":\"Organization\",\"@id\":\"http:\/\/asmonlus.it\/#organization\",\"name\":\"ASM Onlus\",\"url\":\"http:\/\/asmonlus.it\/\",\"logo\":{\"@type\":\"ImageObject\",\"inLanguage\":\"it-IT\",\"@id\":\"http:\/\/asmonlus.it\/#\/schema\/logo\/image\/\",\"url\":\"http:\/\/asmonlus.it\/wp-content\/uploads\/2019\/03\/image.png\",\"contentUrl\":\"http:\/\/asmonlus.it\/wp-content\/uploads\/2019\/03\/image.png\",\"width\":220,\"height\":220,\"caption\":\"ASM Onlus\"},\"image\":{\"@id\":\"http:\/\/asmonlus.it\/#\/schema\/logo\/image\/\"},\"sameAs\":[\"https:\/\/www.facebook.com\/ASM-ONLUS-Associazione-Italiana-Studio-Malformazioni-234922936565638\",\"https:\/\/www.instagram.com\/asmonlus.it\",\"https:\/\/www.youtube.com\/channel\/UCHy1ALeK8g71u_JVC9mcvWQ\"]}]}<\/script>\n<!-- \/ Yoast SEO plugin. -->","yoast_head_json":{"title":"Sostieni ASM - ASM Onlus","robots":{"index":"index","follow":"follow","max-snippet":"max-snippet:-1","max-image-preview":"max-image-preview:large","max-video-preview":"max-video-preview:-1"},"canonical":"https:\/\/asmonlus.it\/index.php\/sostienici\/","og_locale":"it_IT","og_type":"article","og_title":"Sostieni ASM - ASM Onlus","og_url":"https:\/\/asmonlus.it\/index.php\/sostienici\/","og_site_name":"ASM Onlus","article_publisher":"https:\/\/www.facebook.com\/ASM-ONLUS-Associazione-Italiana-Studio-Malformazioni-234922936565638","article_modified_time":"2025-12-23T09:21:51+00:00","og_image":[{"url":"http:\/\/asmonlus.it\/wp-content\/uploads\/2022\/03\/carte-paypal.png"}],"twitter_card":"summary_large_image","twitter_misc":{"Tempo di lettura stimato":"5 minuti"},"schema":{"@context":"https:\/\/schema.org","@graph":[{"@type":"WebPage","@id":"https:\/\/asmonlus.it\/index.php\/sostienici\/","url":"https:\/\/asmonlus.it\/index.php\/sostienici\/","name":"Sostieni ASM - ASM Onlus","isPartOf":{"@id":"http:\/\/asmonlus.it\/#website"},"datePublished":"2019-03-06T17:50:09+00:00","dateModified":"2025-12-23T09:21:51+00:00","breadcrumb":{"@id":"https:\/\/asmonlus.it\/index.php\/sostienici\/#breadcrumb"},"inLanguage":"it-IT","potentialAction":[{"@type":"ReadAction","target":["https:\/\/asmonlus.it\/index.php\/sostienici\/"]}]},{"@type":"BreadcrumbList","@id":"https:\/\/asmonlus.it\/index.php\/sostienici\/#breadcrumb","itemListElement":[{"@type":"ListItem","position":1,"name":"Home","item":"https:\/\/asmonlus.it\/"},{"@type":"ListItem","position":2,"name":"Sostieni ASM"}]},{"@type":"WebSite","@id":"http:\/\/asmonlus.it\/#website","url":"http:\/\/asmonlus.it\/","name":"ASM Onlus","description":"","publisher":{"@id":"http:\/\/asmonlus.it\/#organization"},"potentialAction":[{"@type":"SearchAction","target":{"@type":"EntryPoint","urlTemplate":"http:\/\/asmonlus.it\/?s={search_term_string}"},"query-input":"required name=search_term_string"}],"inLanguage":"it-IT"},{"@type":"Organization","@id":"http:\/\/asmonlus.it\/#organization","name":"ASM Onlus","url":"http:\/\/asmonlus.it\/","logo":{"@type":"ImageObject","inLanguage":"it-IT","@id":"http:\/\/asmonlus.it\/#\/schema\/logo\/image\/","url":"http:\/\/asmonlus.it\/wp-content\/uploads\/2019\/03\/image.png","contentUrl":"http:\/\/asmonlus.it\/wp-content\/uploads\/2019\/03\/image.png","width":220,"height":220,"caption":"ASM Onlus"},"image":{"@id":"http:\/\/asmonlus.it\/#\/schema\/logo\/image\/"},"sameAs":["https:\/\/www.facebook.com\/ASM-ONLUS-Associazione-Italiana-Studio-Malformazioni-234922936565638","https:\/\/www.instagram.com\/asmonlus.it","https:\/\/www.youtube.com\/channel\/UCHy1ALeK8g71u_JVC9mcvWQ"]}]}},"_links":{"self":[{"href":"http:\/\/asmonlus.it\/index.php\/wp-json\/wp\/v2\/pages\/111"}],"collection":[{"href":"http:\/\/asmonlus.it\/index.php\/wp-json\/wp\/v2\/pages"}],"about":[{"href":"http:\/\/asmonlus.it\/index.php\/wp-json\/wp\/v2\/types\/page"}],"author":[{"embeddable":true,"href":"http:\/\/asmonlus.it\/index.php\/wp-json\/wp\/v2\/users\/1"}],"replies":[{"embeddable":true,"href":"http:\/\/asmonlus.it\/index.php\/wp-json\/wp\/v2\/comments?post=111"}],"version-history":[{"count":55,"href":"http:\/\/asmonlus.it\/index.php\/wp-json\/wp\/v2\/pages\/111\/revisions"}],"predecessor-version":[{"id":3527,"href":"http:\/\/asmonlus.it\/index.php\/wp-json\/wp\/v2\/pages\/111\/revisions\/3527"}],"wp:attachment":[{"href":"http:\/\/asmonlus.it\/index.php\/wp-json\/wp\/v2\/media?parent=111"}],"curies":[{"name":"wp","href":"https:\/\/api.w.org\/{rel}","templated":true}]}}